{"id":17215,"date":"2021-04-15T06:54:50","date_gmt":"2021-04-15T09:54:50","guid":{"rendered":"https:\/\/plfoto.com.br\/web\/?page_id=17215"},"modified":"2025-04-06T21:13:50","modified_gmt":"2025-04-07T00:13:50","slug":"links","status":"publish","type":"page","link":"https:\/\/plfoto.com.br\/web\/links\/","title":{"rendered":"Links"},"content":{"rendered":"\t\t<div data-elementor-type=\"wp-page\" data-elementor-id=\"17215\" class=\"elementor elementor-17215\">\n\t\t\t\t\t\t<section class=\"elementor-section elementor-top-section elementor-element elementor-element-3658807 elementor-section-boxed elementor-section-height-default elementor-section-height-default\" data-id=\"3658807\" data-element_type=\"section\" data-settings=\"{&quot;background_background&quot;:&quot;classic&quot;}\">\n\t\t\t\t\t\t<div class=\"elementor-container elementor-column-gap-default\">\n\t\t\t\t\t<div class=\"elementor-column elementor-col-100 elementor-top-column elementor-element elementor-element-47654fc\" data-id=\"47654fc\" data-element_type=\"column\">\n\t\t\t<div class=\"elementor-widget-wrap elementor-element-populated\">\n\t\t\t\t\t\t<div class=\"elementor-element elementor-element-a035bf0 elementor-widget elementor-widget-spacer\" data-id=\"a035bf0\" data-element_type=\"widget\" data-widget_type=\"spacer.default\">\n\t\t\t\t<div class=\"elementor-widget-container\">\n\t\t\t\t\t\t\t<div class=\"elementor-spacer\">\n\t\t\t<div class=\"elementor-spacer-inner\"><\/div>\n\t\t<\/div>\n\t\t\t\t\t\t<\/div>\n\t\t\t\t<\/div>\n\t\t\t\t<div class=\"elementor-element elementor-element-1d509ca elementor-widget elementor-widget-image\" data-id=\"1d509ca\" data-element_type=\"widget\" data-widget_type=\"image.default\">\n\t\t\t\t<div class=\"elementor-widget-container\">\n\t\t\t\t\t\t\t\t\t\t\t\t\t\t\t<img fetchpriority=\"high\" decoding=\"async\" width=\"800\" height=\"163\" src=\"https:\/\/plfoto.com.br\/web\/wp-content\/uploads\/2020\/07\/Arau\u00e1-e-Paulo-Lima-2.png\" class=\"attachment-large size-large wp-image-16891\" alt=\"\" srcset=\"https:\/\/plfoto.com.br\/web\/wp-content\/uploads\/2020\/07\/Arau\u00e1-e-Paulo-Lima-2.png 906w, https:\/\/plfoto.com.br\/web\/wp-content\/uploads\/2020\/07\/Arau\u00e1-e-Paulo-Lima-2-800x163.png 800w, https:\/\/plfoto.com.br\/web\/wp-content\/uploads\/2020\/07\/Arau\u00e1-e-Paulo-Lima-2-768x157.png 768w\" sizes=\"(max-width: 800px) 100vw, 800px\" \/>\t\t\t\t\t\t\t\t\t\t\t\t\t\t\t<\/div>\n\t\t\t\t<\/div>\n\t\t\t\t<div class=\"elementor-element elementor-element-62e2014 elementor-widget__width-initial elementor-widget elementor-widget-image\" data-id=\"62e2014\" data-element_type=\"widget\" data-widget_type=\"image.default\">\n\t\t\t\t<div class=\"elementor-widget-container\">\n\t\t\t\t\t\t\t\t\t\t\t\t\t\t\t\t<a href=\"https:\/\/docs.google.com\/forms\/d\/e\/1FAIpQLSfxVBeDay_DqYyX2eNtibAsojfTCTqvFMqRKH9TaDr9miP9hA\/viewform\">\n\t\t\t\t\t\t\t<img decoding=\"async\" width=\"1200\" height=\"300\" src=\"https:\/\/plfoto.com.br\/web\/wp-content\/uploads\/2025\/04\/BanerFormsemdata.jpg\" class=\"attachment-full size-full wp-image-23027\" alt=\"\" srcset=\"https:\/\/plfoto.com.br\/web\/wp-content\/uploads\/2025\/04\/BanerFormsemdata.jpg 1200w, https:\/\/plfoto.com.br\/web\/wp-content\/uploads\/2025\/04\/BanerFormsemdata-800x200.jpg 800w, https:\/\/plfoto.com.br\/web\/wp-content\/uploads\/2025\/04\/BanerFormsemdata-768x192.jpg 768w\" sizes=\"(max-width: 1200px) 100vw, 1200px\" \/>\t\t\t\t\t\t\t\t<\/a>\n\t\t\t\t\t\t\t\t\t\t\t\t\t\t\t<\/div>\n\t\t\t\t<\/div>\n\t\t\t\t<div class=\"elementor-element elementor-element-4821afa elementor-button-info elementor-align-justify elementor-widget elementor-widget-button\" data-id=\"4821afa\" data-element_type=\"widget\" data-widget_type=\"button.default\">\n\t\t\t\t<div class=\"elementor-widget-container\">\n\t\t\t\t\t\t\t\t\t<div class=\"elementor-button-wrapper\">\n\t\t\t\t\t<a class=\"elementor-button elementor-button-link elementor-size-lg\" href=\"https:\/\/docs.google.com\/forms\/d\/e\/1FAIpQLSfxVBeDay_DqYyX2eNtibAsojfTCTqvFMqRKH9TaDr9miP9hA\/viewform\" target=\"_blank\">\n\t\t\t\t\t\t<span class=\"elementor-button-content-wrapper\">\n\t\t\t\t\t\t\t\t\t<span class=\"elementor-button-text\">Lista de Interesse - Imers\u00e3o Iluminando Sonhos<\/span>\n\t\t\t\t\t<\/span>\n\t\t\t\t\t<\/a>\n\t\t\t\t<\/div>\n\t\t\t\t\t\t\t\t<\/div>\n\t\t\t\t<\/div>\n\t\t\t\t<div class=\"elementor-element elementor-element-88bded7 elementor-button-info elementor-align-justify elementor-widget elementor-widget-button\" data-id=\"88bded7\" data-element_type=\"widget\" data-widget_type=\"button.default\">\n\t\t\t\t<div class=\"elementor-widget-container\">\n\t\t\t\t\t\t\t\t\t<div class=\"elementor-button-wrapper\">\n\t\t\t\t\t<a class=\"elementor-button elementor-button-link elementor-size-lg\" href=\"https:\/\/cursos.plfoto.com.br\/\" target=\"_blank\">\n\t\t\t\t\t\t<span class=\"elementor-button-content-wrapper\">\n\t\t\t\t\t\t\t\t\t<span class=\"elementor-button-text\">Guia definitivo para or\u00e7amentos fotogr\u00e1ficos<\/span>\n\t\t\t\t\t<\/span>\n\t\t\t\t\t<\/a>\n\t\t\t\t<\/div>\n\t\t\t\t\t\t\t\t<\/div>\n\t\t\t\t<\/div>\n\t\t\t\t<div class=\"elementor-element elementor-element-80d81f5 elementor-button-info elementor-align-justify elementor-widget elementor-widget-button\" data-id=\"80d81f5\" data-element_type=\"widget\" data-widget_type=\"button.default\">\n\t\t\t\t<div class=\"elementor-widget-container\">\n\t\t\t\t\t\t\t\t\t<div class=\"elementor-button-wrapper\">\n\t\t\t\t\t<a class=\"elementor-button elementor-button-link elementor-size-lg\" href=\"https:\/\/www.superprof.com.br\/gosta-fotografar-mas-sente-pode-melhorar-com-anos-experiencia-socio-estudio-ajudo-dominar-luz.html\" target=\"_blank\">\n\t\t\t\t\t\t<span class=\"elementor-button-content-wrapper\">\n\t\t\t\t\t\t\t\t\t<span class=\"elementor-button-text\">Aulas de fotografia - on-line<\/span>\n\t\t\t\t\t<\/span>\n\t\t\t\t\t<\/a>\n\t\t\t\t<\/div>\n\t\t\t\t\t\t\t\t<\/div>\n\t\t\t\t<\/div>\n\t\t\t\t<div class=\"elementor-element elementor-element-08c67e3 elementor-button-info elementor-align-justify elementor-widget elementor-widget-button\" data-id=\"08c67e3\" data-element_type=\"widget\" data-widget_type=\"button.default\">\n\t\t\t\t<div class=\"elementor-widget-container\">\n\t\t\t\t\t\t\t\t\t<div class=\"elementor-button-wrapper\">\n\t\t\t\t\t<a class=\"elementor-button elementor-button-link elementor-size-lg\" href=\"https:\/\/api.whatsapp.com\/send?l=pt-BR&#038;phone=5511982016891&#038;text=OL%C3%81!Desejo%20receber%20mais%20informa%C3%A7%C3%B5es%20sobre%20projetos%20fotogr%C3%A1ficos.\" target=\"_blank\">\n\t\t\t\t\t\t<span class=\"elementor-button-content-wrapper\">\n\t\t\t\t\t\t\t\t\t<span class=\"elementor-button-text\">WhatsApp | Est\u00fadio Arau\u00e1 - Paulo Lima<\/span>\n\t\t\t\t\t<\/span>\n\t\t\t\t\t<\/a>\n\t\t\t\t<\/div>\n\t\t\t\t\t\t\t\t<\/div>\n\t\t\t\t<\/div>\n\t\t\t\t<div class=\"elementor-element elementor-element-0dc8e8f elementor-button-info elementor-align-justify elementor-widget elementor-widget-button\" data-id=\"0dc8e8f\" data-element_type=\"widget\" data-widget_type=\"button.default\">\n\t\t\t\t<div class=\"elementor-widget-container\">\n\t\t\t\t\t\t\t\t\t<div class=\"elementor-button-wrapper\">\n\t\t\t\t\t<a class=\"elementor-button elementor-button-link elementor-size-lg\" href=\"https:\/\/estudioaraua.us17.list-manage.com\/subscribe?u=a7ca1e487e1602aef892fadec&#038;id=10388da2b5\" target=\"_blank\">\n\t\t\t\t\t\t<span class=\"elementor-button-content-wrapper\">\n\t\t\t\t\t\t\t\t\t<span class=\"elementor-button-text\">Quero receber novidades e promo\u00e7\u00f5es | Est\u00fadio Arau\u00e1 - Paulo Lima<\/span>\n\t\t\t\t\t<\/span>\n\t\t\t\t\t<\/a>\n\t\t\t\t<\/div>\n\t\t\t\t\t\t\t\t<\/div>\n\t\t\t\t<\/div>\n\t\t\t\t<div class=\"elementor-element elementor-element-07dc550 elementor-button-info elementor-align-justify elementor-widget elementor-widget-button\" data-id=\"07dc550\" data-element_type=\"widget\" data-widget_type=\"button.default\">\n\t\t\t\t<div class=\"elementor-widget-container\">\n\t\t\t\t\t\t\t\t\t<div class=\"elementor-button-wrapper\">\n\t\t\t\t\t<a class=\"elementor-button elementor-button-link elementor-size-lg\" href=\"https:\/\/plfoto.com.br\/\" target=\"_blank\">\n\t\t\t\t\t\t<span class=\"elementor-button-content-wrapper\">\n\t\t\t\t\t\t\t\t\t<span class=\"elementor-button-text\">Site | Est\u00fadio Arau\u00e1 - Paulo Lima<\/span>\n\t\t\t\t\t<\/span>\n\t\t\t\t\t<\/a>\n\t\t\t\t<\/div>\n\t\t\t\t\t\t\t\t<\/div>\n\t\t\t\t<\/div>\n\t\t\t\t<div class=\"elementor-element elementor-element-7abd8c4 elementor-button-info elementor-align-justify elementor-widget elementor-widget-button\" data-id=\"7abd8c4\" data-element_type=\"widget\" data-widget_type=\"button.default\">\n\t\t\t\t<div class=\"elementor-widget-container\">\n\t\t\t\t\t\t\t\t\t<div class=\"elementor-button-wrapper\">\n\t\t\t\t\t<a class=\"elementor-button elementor-button-link elementor-size-lg\" href=\"https:\/\/www.youtube.com\/channel\/UCAYHgENnLfFvo506FH2HSkQ?sub_confirmation=1\" target=\"_blank\">\n\t\t\t\t\t\t<span class=\"elementor-button-content-wrapper\">\n\t\t\t\t\t\t\t\t\t<span class=\"elementor-button-text\">Canal no Youtube | Est\u00fadio Arau\u00e1 - Paulo Lima<\/span>\n\t\t\t\t\t<\/span>\n\t\t\t\t\t<\/a>\n\t\t\t\t<\/div>\n\t\t\t\t\t\t\t\t<\/div>\n\t\t\t\t<\/div>\n\t\t\t\t<div class=\"elementor-element elementor-element-ed8bb51 elementor-button-info elementor-align-justify elementor-widget elementor-widget-button\" data-id=\"ed8bb51\" data-element_type=\"widget\" data-widget_type=\"button.default\">\n\t\t\t\t<div class=\"elementor-widget-container\">\n\t\t\t\t\t\t\t\t\t<div class=\"elementor-button-wrapper\">\n\t\t\t\t\t<a class=\"elementor-button elementor-button-link elementor-size-lg\" href=\"https:\/\/plfoto.com.br\/web\/workshop-de-fotografia\/\" target=\"_blank\">\n\t\t\t\t\t\t<span class=\"elementor-button-content-wrapper\">\n\t\t\t\t\t\t\t\t\t<span class=\"elementor-button-text\">WorkShop| Est\u00fadio Arau\u00e1 - Paulo Lima<\/span>\n\t\t\t\t\t<\/span>\n\t\t\t\t\t<\/a>\n\t\t\t\t<\/div>\n\t\t\t\t\t\t\t\t<\/div>\n\t\t\t\t<\/div>\n\t\t\t\t<div class=\"elementor-element elementor-element-fe57e77 elementor-widget__width-initial elementor-widget elementor-widget-image\" data-id=\"fe57e77\" data-element_type=\"widget\" data-widget_type=\"image.default\">\n\t\t\t\t<div class=\"elementor-widget-container\">\n\t\t\t\t\t\t\t\t\t\t\t\t\t\t\t\t<a href=\"https:\/\/cursos.plfoto.com.br\/\">\n\t\t\t\t\t\t\t<img decoding=\"async\" width=\"1080\" height=\"1080\" src=\"https:\/\/plfoto.com.br\/web\/wp-content\/uploads\/2023\/07\/Post-Instagram-1.png\" class=\"attachment-full size-full wp-image-22699\" alt=\"Guia definitivo para or\u00e7amentos fotogr\u00e1ficos\" srcset=\"https:\/\/plfoto.com.br\/web\/wp-content\/uploads\/2023\/07\/Post-Instagram-1.png 1080w, https:\/\/plfoto.com.br\/web\/wp-content\/uploads\/2023\/07\/Post-Instagram-1-533x533.png 533w, https:\/\/plfoto.com.br\/web\/wp-content\/uploads\/2023\/07\/Post-Instagram-1-150x150.png 150w, https:\/\/plfoto.com.br\/web\/wp-content\/uploads\/2023\/07\/Post-Instagram-1-768x768.png 768w\" sizes=\"(max-width: 1080px) 100vw, 1080px\" \/>\t\t\t\t\t\t\t\t<\/a>\n\t\t\t\t\t\t\t\t\t\t\t\t\t\t\t<\/div>\n\t\t\t\t<\/div>\n\t\t\t\t<div class=\"elementor-element elementor-element-8d6816d elementor-widget elementor-widget-spacer\" data-id=\"8d6816d\" data-element_type=\"widget\" data-widget_type=\"spacer.default\">\n\t\t\t\t<div class=\"elementor-widget-container\">\n\t\t\t\t\t\t\t<div class=\"elementor-spacer\">\n\t\t\t<div class=\"elementor-spacer-inner\"><\/div>\n\t\t<\/div>\n\t\t\t\t\t\t<\/div>\n\t\t\t\t<\/div>\n\t\t\t\t\t<\/div>\n\t\t<\/div>\n\t\t\t\t\t<\/div>\n\t\t<\/section>\n\t\t\t\t<\/div>\n\t\t","protected":false},"excerpt":{"rendered":"<p>Lista de Interesse &#8211; Imers\u00e3o Iluminando Sonhos Guia definitivo para or\u00e7amentos fotogr\u00e1ficos Aulas de fotografia &#8211; on-line WhatsApp | Est\u00fadio&hellip;<\/p>\n<p> <a class=\"more-link\" href=\"https:\/\/plfoto.com.br\/web\/links\/\">Leia mais<\/a><\/p>\n","protected":false},"author":1,"featured_media":0,"parent":0,"menu_order":0,"comment_status":"closed","ping_status":"closed","template":"","meta":{"content-type":"","_joinchat":[],"footnotes":""},"class_list":["post-17215","page","type-page","status-publish"],"yoast_head":"<!-- This site is optimized with the Yoast SEO Premium plugin v20.8 (Yoast SEO v26.4) - https:\/\/yoast.com\/wordpress\/plugins\/seo\/ -->\n<title>Links - Links para o conte\u00fado de Paulo Lima e Est\u00fadio Arau\u00e1<\/title>\n<meta name=\"description\" content=\"Links para os conte\u00fados de Paulo Lima e Est\u00fadio Arau\u00e1 Fotografia. Aqui voc\u00ea encontra algumas formas de se conectar com meu trabalho.\" \/>\n<meta name=\"robots\" content=\"index, follow, max-snippet:-1, max-image-preview:large, max-video-preview:-1\" \/>\n<link rel=\"canonical\" href=\"https:\/\/plfoto.com.br\/web\/links\/\" \/>\n<meta property=\"og:locale\" content=\"pt_BR\" \/>\n<meta property=\"og:type\" content=\"article\" \/>\n<meta property=\"og:title\" content=\"Links\" \/>\n<meta property=\"og:description\" content=\"Links para os conte\u00fados de Paulo Lima e Est\u00fadio Arau\u00e1 Fotografia. Aqui voc\u00ea encontra algumas formas de se conectar com meu trabalho.\" \/>\n<meta property=\"og:url\" content=\"https:\/\/plfoto.com.br\/web\/links\/\" \/>\n<meta property=\"og:site_name\" content=\"Est\u00fadio Arau\u00e1 | Paulo Lima Fotografia\" \/>\n<meta property=\"article:publisher\" content=\"https:\/\/www.facebook.com\/PauloLimaFotografia\" \/>\n<meta property=\"article:modified_time\" content=\"2025-04-07T00:13:50+00:00\" \/>\n<meta property=\"og:image\" content=\"https:\/\/plfoto.com.br\/web\/wp-content\/uploads\/2025\/04\/BanerFormsemdata.jpg\" \/>\n<meta name=\"twitter:label1\" content=\"Est. tempo de leitura\" \/>\n\t<meta name=\"twitter:data1\" content=\"1 minuto\" \/>\n<script type=\"application\/ld+json\" class=\"yoast-schema-graph\">{\"@context\":\"https:\/\/schema.org\",\"@graph\":[{\"@type\":\"WebPage\",\"@id\":\"https:\/\/plfoto.com.br\/web\/links\/\",\"url\":\"https:\/\/plfoto.com.br\/web\/links\/\",\"name\":\"Links - Links para o conte\u00fado de Paulo Lima e Est\u00fadio Arau\u00e1\",\"isPartOf\":{\"@id\":\"https:\/\/plfoto.com.br\/web\/#website\"},\"primaryImageOfPage\":{\"@id\":\"https:\/\/plfoto.com.br\/web\/links\/#primaryimage\"},\"image\":{\"@id\":\"https:\/\/plfoto.com.br\/web\/links\/#primaryimage\"},\"thumbnailUrl\":\"https:\/\/plfoto.com.br\/web\/wp-content\/uploads\/2025\/04\/BanerFormsemdata.jpg\",\"datePublished\":\"2021-04-15T09:54:50+00:00\",\"dateModified\":\"2025-04-07T00:13:50+00:00\",\"description\":\"Links para os conte\u00fados de Paulo Lima e Est\u00fadio Arau\u00e1 Fotografia. Aqui voc\u00ea encontra algumas formas de se conectar com meu trabalho.\",\"breadcrumb\":{\"@id\":\"https:\/\/plfoto.com.br\/web\/links\/#breadcrumb\"},\"inLanguage\":\"pt-BR\",\"potentialAction\":[{\"@type\":\"ReadAction\",\"target\":[\"https:\/\/plfoto.com.br\/web\/links\/\"]}]},{\"@type\":\"ImageObject\",\"inLanguage\":\"pt-BR\",\"@id\":\"https:\/\/plfoto.com.br\/web\/links\/#primaryimage\",\"url\":\"https:\/\/plfoto.com.br\/web\/wp-content\/uploads\/2025\/04\/BanerFormsemdata.jpg\",\"contentUrl\":\"https:\/\/plfoto.com.br\/web\/wp-content\/uploads\/2025\/04\/BanerFormsemdata.jpg\",\"width\":1200,\"height\":300},{\"@type\":\"BreadcrumbList\",\"@id\":\"https:\/\/plfoto.com.br\/web\/links\/#breadcrumb\",\"itemListElement\":[{\"@type\":\"ListItem\",\"position\":1,\"name\":\"In\u00edcio\",\"item\":\"https:\/\/plfoto.com.br\/web\/\"},{\"@type\":\"ListItem\",\"position\":2,\"name\":\"Links\"}]},{\"@type\":\"WebSite\",\"@id\":\"https:\/\/plfoto.com.br\/web\/#website\",\"url\":\"https:\/\/plfoto.com.br\/web\/\",\"name\":\"Est\u00fadio Arau\u00e1 | Paulo Lima Fotografia\",\"description\":\"Retratos corporativos, Lookbook, Moda, retratos, ensaios, book, editoriais, gastronomia, produtos, fotografia de moda, fotografia de produtos, fotografo de gastronomia, fotografo de alimentos, est\u00fadio fotogr\u00e1fico, studio, ensaios externos, book em est\u00fadio, book externo, produ\u00e7\u00e3o de fotos, fotografia comercial, fine art, cat\u00e1logos, lookooks\",\"publisher\":{\"@id\":\"https:\/\/plfoto.com.br\/web\/#organization\"},\"potentialAction\":[{\"@type\":\"SearchAction\",\"target\":{\"@type\":\"EntryPoint\",\"urlTemplate\":\"https:\/\/plfoto.com.br\/web\/?s={search_term_string}\"},\"query-input\":{\"@type\":\"PropertyValueSpecification\",\"valueRequired\":true,\"valueName\":\"search_term_string\"}}],\"inLanguage\":\"pt-BR\"},{\"@type\":[\"Organization\",\"Place\"],\"@id\":\"https:\/\/plfoto.com.br\/web\/#organization\",\"name\":\"Paulo Lima Fotografia\",\"url\":\"https:\/\/plfoto.com.br\/web\/\",\"logo\":{\"@id\":\"https:\/\/plfoto.com.br\/web\/links\/#local-main-organization-logo\"},\"image\":{\"@id\":\"https:\/\/plfoto.com.br\/web\/links\/#local-main-organization-logo\"},\"sameAs\":[\"https:\/\/www.facebook.com\/PauloLimaFotografia\",\"https:\/\/x.com\/estudioaraua\",\"https:\/\/www.instagram.com\/paulolima_\/\",\"https:\/\/www.instagram.com\/estudioaraua\/\"],\"openingHoursSpecification\":[{\"@type\":\"OpeningHoursSpecification\",\"dayOfWeek\":[\"Sunday\",\"Monday\",\"Tuesday\",\"Wednesday\",\"Thursday\",\"Friday\",\"Saturday\"],\"opens\":\"09:00\",\"closes\":\"17:00\"}]},{\"@type\":\"ImageObject\",\"inLanguage\":\"pt-BR\",\"@id\":\"https:\/\/plfoto.com.br\/web\/links\/#local-main-organization-logo\",\"url\":\"https:\/\/plfoto.com.br\/web\/wp-content\/uploads\/2018\/12\/LOGO2013-oficial-01.jpg\",\"contentUrl\":\"https:\/\/plfoto.com.br\/web\/wp-content\/uploads\/2018\/12\/LOGO2013-oficial-01.jpg\",\"width\":3508,\"height\":1533,\"caption\":\"Paulo Lima Fotografia\"}]}<\/script>\n<!-- \/ Yoast SEO Premium plugin. -->","yoast_head_json":{"title":"Links - Links para o conte\u00fado de Paulo Lima e Est\u00fadio Arau\u00e1","description":"Links para os conte\u00fados de Paulo Lima e Est\u00fadio Arau\u00e1 Fotografia. Aqui voc\u00ea encontra algumas formas de se conectar com meu trabalho.","robots":{"index":"index","follow":"follow","max-snippet":"max-snippet:-1","max-image-preview":"max-image-preview:large","max-video-preview":"max-video-preview:-1"},"canonical":"https:\/\/plfoto.com.br\/web\/links\/","og_locale":"pt_BR","og_type":"article","og_title":"Links","og_description":"Links para os conte\u00fados de Paulo Lima e Est\u00fadio Arau\u00e1 Fotografia. Aqui voc\u00ea encontra algumas formas de se conectar com meu trabalho.","og_url":"https:\/\/plfoto.com.br\/web\/links\/","og_site_name":"Est\u00fadio Arau\u00e1 | Paulo Lima Fotografia","article_publisher":"https:\/\/www.facebook.com\/PauloLimaFotografia","article_modified_time":"2025-04-07T00:13:50+00:00","og_image":[{"url":"https:\/\/plfoto.com.br\/web\/wp-content\/uploads\/2025\/04\/BanerFormsemdata.jpg","type":"","width":"","height":""}],"twitter_misc":{"Est. tempo de leitura":"1 minuto"},"schema":{"@context":"https:\/\/schema.org","@graph":[{"@type":"WebPage","@id":"https:\/\/plfoto.com.br\/web\/links\/","url":"https:\/\/plfoto.com.br\/web\/links\/","name":"Links - Links para o conte\u00fado de Paulo Lima e Est\u00fadio Arau\u00e1","isPartOf":{"@id":"https:\/\/plfoto.com.br\/web\/#website"},"primaryImageOfPage":{"@id":"https:\/\/plfoto.com.br\/web\/links\/#primaryimage"},"image":{"@id":"https:\/\/plfoto.com.br\/web\/links\/#primaryimage"},"thumbnailUrl":"https:\/\/plfoto.com.br\/web\/wp-content\/uploads\/2025\/04\/BanerFormsemdata.jpg","datePublished":"2021-04-15T09:54:50+00:00","dateModified":"2025-04-07T00:13:50+00:00","description":"Links para os conte\u00fados de Paulo Lima e Est\u00fadio Arau\u00e1 Fotografia. Aqui voc\u00ea encontra algumas formas de se conectar com meu trabalho.","breadcrumb":{"@id":"https:\/\/plfoto.com.br\/web\/links\/#breadcrumb"},"inLanguage":"pt-BR","potentialAction":[{"@type":"ReadAction","target":["https:\/\/plfoto.com.br\/web\/links\/"]}]},{"@type":"ImageObject","inLanguage":"pt-BR","@id":"https:\/\/plfoto.com.br\/web\/links\/#primaryimage","url":"https:\/\/plfoto.com.br\/web\/wp-content\/uploads\/2025\/04\/BanerFormsemdata.jpg","contentUrl":"https:\/\/plfoto.com.br\/web\/wp-content\/uploads\/2025\/04\/BanerFormsemdata.jpg","width":1200,"height":300},{"@type":"BreadcrumbList","@id":"https:\/\/plfoto.com.br\/web\/links\/#breadcrumb","itemListElement":[{"@type":"ListItem","position":1,"name":"In\u00edcio","item":"https:\/\/plfoto.com.br\/web\/"},{"@type":"ListItem","position":2,"name":"Links"}]},{"@type":"WebSite","@id":"https:\/\/plfoto.com.br\/web\/#website","url":"https:\/\/plfoto.com.br\/web\/","name":"Est\u00fadio Arau\u00e1 | Paulo Lima Fotografia","description":"Retratos corporativos, Lookbook, Moda, retratos, ensaios, book, editoriais, gastronomia, produtos, fotografia de moda, fotografia de produtos, fotografo de gastronomia, fotografo de alimentos, est\u00fadio fotogr\u00e1fico, studio, ensaios externos, book em est\u00fadio, book externo, produ\u00e7\u00e3o de fotos, fotografia comercial, fine art, cat\u00e1logos, lookooks","publisher":{"@id":"https:\/\/plfoto.com.br\/web\/#organization"},"potentialAction":[{"@type":"SearchAction","target":{"@type":"EntryPoint","urlTemplate":"https:\/\/plfoto.com.br\/web\/?s={search_term_string}"},"query-input":{"@type":"PropertyValueSpecification","valueRequired":true,"valueName":"search_term_string"}}],"inLanguage":"pt-BR"},{"@type":["Organization","Place"],"@id":"https:\/\/plfoto.com.br\/web\/#organization","name":"Paulo Lima Fotografia","url":"https:\/\/plfoto.com.br\/web\/","logo":{"@id":"https:\/\/plfoto.com.br\/web\/links\/#local-main-organization-logo"},"image":{"@id":"https:\/\/plfoto.com.br\/web\/links\/#local-main-organization-logo"},"sameAs":["https:\/\/www.facebook.com\/PauloLimaFotografia","https:\/\/x.com\/estudioaraua","https:\/\/www.instagram.com\/paulolima_\/","https:\/\/www.instagram.com\/estudioaraua\/"],"openingHoursSpecification":[{"@type":"OpeningHoursSpecification","dayOfWeek":["Sunday","Monday","Tuesday","Wednesday","Thursday","Friday","Saturday"],"opens":"09:00","closes":"17:00"}]},{"@type":"ImageObject","inLanguage":"pt-BR","@id":"https:\/\/plfoto.com.br\/web\/links\/#local-main-organization-logo","url":"https:\/\/plfoto.com.br\/web\/wp-content\/uploads\/2018\/12\/LOGO2013-oficial-01.jpg","contentUrl":"https:\/\/plfoto.com.br\/web\/wp-content\/uploads\/2018\/12\/LOGO2013-oficial-01.jpg","width":3508,"height":1533,"caption":"Paulo Lima Fotografia"}]}},"_links":{"self":[{"href":"https:\/\/plfoto.com.br\/web\/wp-json\/wp\/v2\/pages\/17215","targetHints":{"allow":["GET"]}}],"collection":[{"href":"https:\/\/plfoto.com.br\/web\/wp-json\/wp\/v2\/pages"}],"about":[{"href":"https:\/\/plfoto.com.br\/web\/wp-json\/wp\/v2\/types\/page"}],"author":[{"embeddable":true,"href":"https:\/\/plfoto.com.br\/web\/wp-json\/wp\/v2\/users\/1"}],"replies":[{"embeddable":true,"href":"https:\/\/plfoto.com.br\/web\/wp-json\/wp\/v2\/comments?post=17215"}],"version-history":[{"count":60,"href":"https:\/\/plfoto.com.br\/web\/wp-json\/wp\/v2\/pages\/17215\/revisions"}],"predecessor-version":[{"id":23040,"href":"https:\/\/plfoto.com.br\/web\/wp-json\/wp\/v2\/pages\/17215\/revisions\/23040"}],"wp:attachment":[{"href":"https:\/\/plfoto.com.br\/web\/wp-json\/wp\/v2\/media?parent=17215"}],"curies":[{"name":"wp","href":"https:\/\/api.w.org\/{rel}","templated":true}]}}